{"id":16045,"date":"2025-06-03T06:22:06","date_gmt":"2025-06-03T06:22:06","guid":{"rendered":"https:\/\/gun-engineer.com\/product\/stag-arms-black-ar-15-extension-receiver-fde-sa-ar-bt-fde\/"},"modified":"2026-02-17T11:25:36","modified_gmt":"2026-02-17T11:25:36","slug":"gun-engineer-ar-15-buffer-tube-6-position-mil-spec","status":"publish","type":"product","link":"https:\/\/gun-engineer.com\/fr\/produit\/gun-engineer-ar-15-buffer-tube-6-position-mil-spec\/","title":{"rendered":"Gun Engineer AR-15 Buffer Tube 6 Position &#8211; Mil Spec &#8211; Gun Kote Flat Dark Earth"},"content":{"rendered":"<div class=\"productView-description\">\n<h2><strong><span style=\"font-size: 14pt\">AR-15 Buffer Tube Extension Receiver (Six Position) &#8211; Gun Engineer<\/span><\/strong><\/h2>\n<p><strong>Designed to Fit:<\/strong> all AR-15 and AR Variants. Not Compatible with .38 Rifles.<\/p>\n<p>This plug will fit on all AR-15 Mil Spec Guns. Standard industry Mil spec parts. Gun Engineer is a brand of the AR-15 type rifle, marketed as Stag-15 rifles. Stag advertises that all their weapons and accessories. They are perhaps best known for their left-handed AR-15 rifles, which use a mirror imaged upper receiver and have the ejection port reversed for left-handed shooters and the safety selector control on the right side of the lower receiver.<\/p>\n<p><strong><em>Remarque :<\/em><\/strong> Ing\u00e9nieur en armement<em> recommande toujours que toute pi\u00e8ce soit install\u00e9e par un armurier qualifi\u00e9 et form\u00e9. Gun Engineer encourage l'utilisation de pratiques et d'\u00e9quipements de s\u00e9curit\u00e9 lors de toute intervention sur une arme \u00e0 feu.<\/em><\/p>\n<\/div>\n<div class=\"productView-description\"><b>Brand:<\/b> Ing\u00e9nieur en armement<br \/>\n<b>Type :<\/b> Extension Receiver<br \/>\n<b>Mod\u00e8le :<\/b> Six Position<br \/>\n<b>Upc :<\/b> Ne s'applique pas<br \/>\n<b>Kit personnalis\u00e9 de l'ing\u00e9nieur en armement :<\/b>Oui<br \/>\n<b>Material Coating<\/b>: Gunkote<br \/>\n<b>Couleur :<\/b> Flat Dark Earth (<b>FDE<\/b>)<br \/>\n<b>Pour marque de pistolet :<\/b> AR-15<br \/>\n<b><\/b><\/div>","protected":false},"excerpt":{"rendered":"<p>AR-15 Buffer Tube Extension Receiver (Six Position) &#8211; Gun Engineer Designed to Fit: all AR-15 and AR Variants. Not Compatible with .38 Rifles. This plug will fit on all AR-15 Mil Spec Guns. Standard industry Mil spec parts. Gun Engineer is a brand of the&#8230;<\/p>","protected":false},"featured_media":16076,"comment_status":"open","ping_status":"closed","template":"","meta":[],"etheme_brands":[],"product_brand":[],"product_cat":[77,68],"product_tag":[],"class_list":{"0":"post-16045","1":"product","2":"type-product","3":"status-publish","4":"has-post-thumbnail","6":"product_cat-ar-15-accessories","7":"product_cat-ar-15-parts","9":"first","10":"instock","11":"shipping-taxable","12":"purchasable","13":"product-type-simple"},"yoast_head":"<!-- This site is optimized with the Yoast SEO Premium plugin v23.4 (Yoast SEO v26.9) - https:\/\/yoast.com\/product\/yoast-seo-premium-wordpress\/ -->\n<title>Gun Engineer AR-15 Buffer Tube 6 Position - Mil Spec - Gun Kote Flat Dark Earth - Gun Engineer<\/title>\n<meta name=\"description\" content=\"AR-15 Buffer Tube Extension Receiver (Six Position) - Gun EngineerDesigned to Fit: all AR-15 and AR Variants. Not Compatible with .38 Rifles.\" \/>\n<meta name=\"robots\" content=\"index, follow, max-snippet:-1, max-image-preview:large, max-video-preview:-1\" \/>\n<link rel=\"canonical\" href=\"https:\/\/gun-engineer.com\/fr\/produit\/gun-engineer-ar-15-buffer-tube-6-position-mil-spec\/\" \/>\n<meta property=\"og:locale\" content=\"fr_FR\" \/>\n<meta property=\"og:type\" content=\"article\" \/>\n<meta property=\"og:title\" content=\"Gun Engineer AR-15 Buffer Tube 6 Position - Mil Spec - Gun Kote Flat Dark Earth\" \/>\n<meta property=\"og:description\" content=\"AR-15 Buffer Tube Extension Receiver (Six Position) - Gun EngineerDesigned to Fit: all AR-15 and AR Variants. Not Compatible with .38 Rifles.\" \/>\n<meta property=\"og:url\" content=\"https:\/\/gun-engineer.com\/fr\/produit\/gun-engineer-ar-15-buffer-tube-6-position-mil-spec\/\" \/>\n<meta property=\"og:site_name\" content=\"Gun Engineer\" \/>\n<meta property=\"article:modified_time\" content=\"2026-02-17T11:25:36+00:00\" \/>\n<meta property=\"og:image\" content=\"https:\/\/gun-engineer.com\/wp-content\/uploads\/2025\/06\/SA-AR-BT-FDE__01355.1712846693.jpg\" \/>\n\t<meta property=\"og:image:width\" content=\"1280\" \/>\n\t<meta property=\"og:image:height\" content=\"960\" \/>\n\t<meta property=\"og:image:type\" content=\"image\/jpeg\" \/>\n<meta name=\"twitter:card\" content=\"summary_large_image\" \/>\n<meta name=\"twitter:label1\" content=\"Prix\" \/>\n\t<meta name=\"twitter:data1\" content=\"&#036;39.99\" \/>\n\t<meta name=\"twitter:label2\" content=\"Disponibilit\u00e9\" \/>\n\t<meta name=\"twitter:data2\" content=\"En stock\" \/>\n<script type=\"application\/ld+json\" class=\"yoast-schema-graph\">{\"@context\":\"https:\/\/schema.org\",\"@graph\":[{\"@type\":\"WebPage\",\"@id\":\"https:\/\/gun-engineer.com\/product\/gun-engineer-ar-15-buffer-tube-6-position-mil-spec\/\",\"url\":\"https:\/\/gun-engineer.com\/product\/gun-engineer-ar-15-buffer-tube-6-position-mil-spec\/\",\"name\":\"Gun Engineer AR-15 Buffer Tube 6 Position - Mil Spec - Gun Kote Flat Dark Earth - Gun Engineer\",\"isPartOf\":{\"@id\":\"https:\/\/gun-engineer.com\/#website\"},\"primaryImageOfPage\":{\"@id\":\"https:\/\/gun-engineer.com\/product\/gun-engineer-ar-15-buffer-tube-6-position-mil-spec\/#primaryimage\"},\"image\":{\"@id\":\"https:\/\/gun-engineer.com\/product\/gun-engineer-ar-15-buffer-tube-6-position-mil-spec\/#primaryimage\"},\"thumbnailUrl\":\"https:\/\/gun-engineer.com\/wp-content\/uploads\/2025\/06\/SA-AR-BT-FDE__01355.1712846693.jpg\",\"datePublished\":\"2025-06-03T06:22:06+00:00\",\"dateModified\":\"2026-02-17T11:25:36+00:00\",\"description\":\"AR-15 Buffer Tube Extension Receiver (Six Position) - Gun EngineerDesigned to Fit: all AR-15 and AR Variants. Not Compatible with .38 Rifles.\",\"breadcrumb\":{\"@id\":\"https:\/\/gun-engineer.com\/product\/gun-engineer-ar-15-buffer-tube-6-position-mil-spec\/#breadcrumb\"},\"inLanguage\":\"fr-FR\",\"potentialAction\":[{\"@type\":\"ReadAction\",\"target\":[\"https:\/\/gun-engineer.com\/product\/gun-engineer-ar-15-buffer-tube-6-position-mil-spec\/\"]}]},{\"@type\":\"ImageObject\",\"inLanguage\":\"fr-FR\",\"@id\":\"https:\/\/gun-engineer.com\/product\/gun-engineer-ar-15-buffer-tube-6-position-mil-spec\/#primaryimage\",\"url\":\"https:\/\/gun-engineer.com\/wp-content\/uploads\/2025\/06\/SA-AR-BT-FDE__01355.1712846693.jpg\",\"contentUrl\":\"https:\/\/gun-engineer.com\/wp-content\/uploads\/2025\/06\/SA-AR-BT-FDE__01355.1712846693.jpg\",\"width\":1280,\"height\":960},{\"@type\":\"BreadcrumbList\",\"@id\":\"https:\/\/gun-engineer.com\/product\/gun-engineer-ar-15-buffer-tube-6-position-mil-spec\/#breadcrumb\",\"itemListElement\":[{\"@type\":\"ListItem\",\"position\":1,\"name\":\"Home\",\"item\":\"https:\/\/gun-engineer.com\/\"},{\"@type\":\"ListItem\",\"position\":2,\"name\":\"Wishlist\",\"item\":\"https:\/\/gun-engineer.com\/wishlist\/\"},{\"@type\":\"ListItem\",\"position\":3,\"name\":\"Gun Engineer AR-15 Buffer Tube 6 Position &#8211; Mil Spec &#8211; Gun Kote Flat Dark Earth\"}]},{\"@type\":\"WebSite\",\"@id\":\"https:\/\/gun-engineer.com\/#website\",\"url\":\"https:\/\/gun-engineer.com\/\",\"name\":\"Gun Engineer\",\"description\":\"Precision Components for the Modern Shooter \u2013 Compatible Upgrades &amp; Limited Availability\",\"publisher\":{\"@id\":\"https:\/\/gun-engineer.com\/#organization\"},\"potentialAction\":[{\"@type\":\"SearchAction\",\"target\":{\"@type\":\"EntryPoint\",\"urlTemplate\":\"https:\/\/gun-engineer.com\/?s={search_term_string}\"},\"query-input\":{\"@type\":\"PropertyValueSpecification\",\"valueRequired\":true,\"valueName\":\"search_term_string\"}}],\"inLanguage\":\"fr-FR\"},{\"@type\":\"Organization\",\"@id\":\"https:\/\/gun-engineer.com\/#organization\",\"name\":\"Gun Engineer\",\"url\":\"https:\/\/gun-engineer.com\/\",\"logo\":{\"@type\":\"ImageObject\",\"inLanguage\":\"fr-FR\",\"@id\":\"https:\/\/gun-engineer.com\/#\/schema\/logo\/image\/\",\"url\":\"https:\/\/gun-engineer.com\/wp-content\/uploads\/2025\/05\/gun_engineer_logo.png\",\"contentUrl\":\"https:\/\/gun-engineer.com\/wp-content\/uploads\/2025\/05\/gun_engineer_logo.png\",\"width\":500,\"height\":120,\"caption\":\"Gun Engineer\"},\"image\":{\"@id\":\"https:\/\/gun-engineer.com\/#\/schema\/logo\/image\/\"}}]}<\/script>\n<meta property=\"product:price:amount\" content=\"39.99\" \/>\n<meta property=\"product:price:currency\" content=\"USD\" \/>\n<meta property=\"og:availability\" content=\"instock\" \/>\n<meta property=\"product:availability\" content=\"instock\" \/>\n<meta property=\"product:retailer_item_id\" content=\"215118577944\" \/>\n<meta property=\"product:condition\" content=\"new\" \/>\n<!-- \/ Yoast SEO Premium plugin. -->","yoast_head_json":{"title":"Gun Engineer AR-15 Buffer Tube 6 Position - Mil Spec - Gun Kote Flat Dark Earth - Gun Engineer","description":"AR-15 Buffer Tube Extension Receiver (Six Position) - Gun EngineerDesigned to Fit: all AR-15 and AR Variants. Not Compatible with .38 Rifles.","robots":{"index":"index","follow":"follow","max-snippet":"max-snippet:-1","max-image-preview":"max-image-preview:large","max-video-preview":"max-video-preview:-1"},"canonical":"https:\/\/gun-engineer.com\/fr\/produit\/gun-engineer-ar-15-buffer-tube-6-position-mil-spec\/","og_locale":"fr_FR","og_type":"article","og_title":"Gun Engineer AR-15 Buffer Tube 6 Position - Mil Spec - Gun Kote Flat Dark Earth","og_description":"AR-15 Buffer Tube Extension Receiver (Six Position) - Gun EngineerDesigned to Fit: all AR-15 and AR Variants. Not Compatible with .38 Rifles.","og_url":"https:\/\/gun-engineer.com\/fr\/produit\/gun-engineer-ar-15-buffer-tube-6-position-mil-spec\/","og_site_name":"Gun Engineer","article_modified_time":"2026-02-17T11:25:36+00:00","og_image":[{"width":1280,"height":960,"url":"https:\/\/gun-engineer.com\/wp-content\/uploads\/2025\/06\/SA-AR-BT-FDE__01355.1712846693.jpg","type":"image\/jpeg"}],"twitter_card":"summary_large_image","twitter_misc":{"Prix":"&#36;39.99","Disponibilit\u00e9":"En stock"},"schema":{"@context":"https:\/\/schema.org","@graph":[{"@type":"WebPage","@id":"https:\/\/gun-engineer.com\/product\/gun-engineer-ar-15-buffer-tube-6-position-mil-spec\/","url":"https:\/\/gun-engineer.com\/product\/gun-engineer-ar-15-buffer-tube-6-position-mil-spec\/","name":"Gun Engineer AR-15 Buffer Tube 6 Position - Mil Spec - Gun Kote Flat Dark Earth - Gun Engineer","isPartOf":{"@id":"https:\/\/gun-engineer.com\/#website"},"primaryImageOfPage":{"@id":"https:\/\/gun-engineer.com\/product\/gun-engineer-ar-15-buffer-tube-6-position-mil-spec\/#primaryimage"},"image":{"@id":"https:\/\/gun-engineer.com\/product\/gun-engineer-ar-15-buffer-tube-6-position-mil-spec\/#primaryimage"},"thumbnailUrl":"https:\/\/gun-engineer.com\/wp-content\/uploads\/2025\/06\/SA-AR-BT-FDE__01355.1712846693.jpg","datePublished":"2025-06-03T06:22:06+00:00","dateModified":"2026-02-17T11:25:36+00:00","description":"AR-15 Buffer Tube Extension Receiver (Six Position) - Gun EngineerDesigned to Fit: all AR-15 and AR Variants. Not Compatible with .38 Rifles.","breadcrumb":{"@id":"https:\/\/gun-engineer.com\/product\/gun-engineer-ar-15-buffer-tube-6-position-mil-spec\/#breadcrumb"},"inLanguage":"fr-FR","potentialAction":[{"@type":"ReadAction","target":["https:\/\/gun-engineer.com\/product\/gun-engineer-ar-15-buffer-tube-6-position-mil-spec\/"]}]},{"@type":"ImageObject","inLanguage":"fr-FR","@id":"https:\/\/gun-engineer.com\/product\/gun-engineer-ar-15-buffer-tube-6-position-mil-spec\/#primaryimage","url":"https:\/\/gun-engineer.com\/wp-content\/uploads\/2025\/06\/SA-AR-BT-FDE__01355.1712846693.jpg","contentUrl":"https:\/\/gun-engineer.com\/wp-content\/uploads\/2025\/06\/SA-AR-BT-FDE__01355.1712846693.jpg","width":1280,"height":960},{"@type":"BreadcrumbList","@id":"https:\/\/gun-engineer.com\/product\/gun-engineer-ar-15-buffer-tube-6-position-mil-spec\/#breadcrumb","itemListElement":[{"@type":"ListItem","position":1,"name":"Home","item":"https:\/\/gun-engineer.com\/"},{"@type":"ListItem","position":2,"name":"Wishlist","item":"https:\/\/gun-engineer.com\/wishlist\/"},{"@type":"ListItem","position":3,"name":"Gun Engineer AR-15 Buffer Tube 6 Position &#8211; Mil Spec &#8211; Gun Kote Flat Dark Earth"}]},{"@type":"WebSite","@id":"https:\/\/gun-engineer.com\/#website","url":"https:\/\/gun-engineer.com\/","name":"Ing\u00e9nieur en armement","description":"Precision Components for the Modern Shooter \u2013 Compatible Upgrades &amp; Limited Availability","publisher":{"@id":"https:\/\/gun-engineer.com\/#organization"},"potentialAction":[{"@type":"SearchAction","target":{"@type":"EntryPoint","urlTemplate":"https:\/\/gun-engineer.com\/?s={search_term_string}"},"query-input":{"@type":"PropertyValueSpecification","valueRequired":true,"valueName":"search_term_string"}}],"inLanguage":"fr-FR"},{"@type":"Organization","@id":"https:\/\/gun-engineer.com\/#organization","name":"Ing\u00e9nieur en armement","url":"https:\/\/gun-engineer.com\/","logo":{"@type":"ImageObject","inLanguage":"fr-FR","@id":"https:\/\/gun-engineer.com\/#\/schema\/logo\/image\/","url":"https:\/\/gun-engineer.com\/wp-content\/uploads\/2025\/05\/gun_engineer_logo.png","contentUrl":"https:\/\/gun-engineer.com\/wp-content\/uploads\/2025\/05\/gun_engineer_logo.png","width":500,"height":120,"caption":"Gun Engineer"},"image":{"@id":"https:\/\/gun-engineer.com\/#\/schema\/logo\/image\/"}}]},"product_price_amount":"39.99","product_price_currency":"USD","og_availability":"instock","product_availability":"instock","product_retailer_item_id":"215118577944","product_condition":"new"},"tiered_pricing_type":"fixed","tiered_pricing_fixed_rules":[],"tiered_pricing_product_settings":{"layout":"default","base_unit_name":{"singular":null,"plural":null},"default_variation":null},"tiered_pricing_minimum_quantity":null,"tiered_pricing_roles_data":[],"tiered_pricing_percentage_rules":[],"tiered_pricing_maximum_quantity":null,"tiered_pricing_quantity_step":null,"_links":{"self":[{"href":"https:\/\/gun-engineer.com\/fr\/wp-json\/wp\/v2\/product\/16045","targetHints":{"allow":["GET"]}}],"collection":[{"href":"https:\/\/gun-engineer.com\/fr\/wp-json\/wp\/v2\/product"}],"about":[{"href":"https:\/\/gun-engineer.com\/fr\/wp-json\/wp\/v2\/types\/product"}],"replies":[{"embeddable":true,"href":"https:\/\/gun-engineer.com\/fr\/wp-json\/wp\/v2\/comments?post=16045"}],"version-history":[{"count":4,"href":"https:\/\/gun-engineer.com\/fr\/wp-json\/wp\/v2\/product\/16045\/revisions"}],"predecessor-version":[{"id":22653,"href":"https:\/\/gun-engineer.com\/fr\/wp-json\/wp\/v2\/product\/16045\/revisions\/22653"}],"wp:featuredmedia":[{"embeddable":true,"href":"https:\/\/gun-engineer.com\/fr\/wp-json\/wp\/v2\/media\/16076"}],"wp:attachment":[{"href":"https:\/\/gun-engineer.com\/fr\/wp-json\/wp\/v2\/media?parent=16045"}],"wp:term":[{"taxonomy":"brand","embeddable":true,"href":"https:\/\/gun-engineer.com\/fr\/wp-json\/wp\/v2\/etheme_brands?post=16045"},{"taxonomy":"product_brand","embeddable":true,"href":"https:\/\/gun-engineer.com\/fr\/wp-json\/wp\/v2\/product_brand?post=16045"},{"taxonomy":"product_cat","embeddable":true,"href":"https:\/\/gun-engineer.com\/fr\/wp-json\/wp\/v2\/product_cat?post=16045"},{"taxonomy":"product_tag","embeddable":true,"href":"https:\/\/gun-engineer.com\/fr\/wp-json\/wp\/v2\/product_tag?post=16045"}],"curies":[{"name":"wp","href":"https:\/\/api.w.org\/{rel}","templated":true}]}}