{"id":16039,"date":"2025-06-03T06:22:04","date_gmt":"2025-06-03T06:22:04","guid":{"rendered":"https:\/\/gun-engineer.com\/product\/ar-15-ejection-port-dust-cover-pin-spring-clip-kit-ar-dc5-k-03-2\/"},"modified":"2026-02-17T11:16:53","modified_gmt":"2026-02-17T11:16:53","slug":"ar-15-kit-couvercle-anti-poussiere-pour-port-dejection-pin-spring-clip","status":"publish","type":"product","link":"https:\/\/gun-engineer.com\/fr\/produit\/ar-15-kit-couvercle-anti-poussiere-pour-port-dejection-pin-spring-clip\/","title":{"rendered":"Kit de goupille, de ressort et de clip pour cache-poussi\u00e8re de port d'\u00e9jection AR-15"},"content":{"rendered":"<div class=\"productView-description\">\n<h2><strong><span style=\"font-size: 14pt\">Kit de goupille, de ressort et de clip pour cache-poussi\u00e8re de port d'\u00e9jection AR-15<\/span><\/strong><\/h2>\n<p>Il s'agit d'un kit complet de goupille de stock, qui comprend : le ressort, le clip et la tige. Plaque MIL standard de l'industrie. Toutes ces pi\u00e8ces sont dot\u00e9es d'une finition antireflet parkeris\u00e9e.<\/p>\n<p><strong><em>Remarque :<\/em><\/strong> Ing\u00e9nieur en armement<em> recommande toujours que toute pi\u00e8ce soit install\u00e9e par un armurier qualifi\u00e9 et form\u00e9. Gun Engineer encourage l'utilisation de pratiques et d'\u00e9quipements de s\u00e9curit\u00e9 lors de toute intervention sur une arme \u00e0 feu.<\/em><\/p>\n<\/div>\n<div class=\"productView-description\"><b>Brand:<\/b> Ing\u00e9nieur en armement<br \/>\n<b>Type :<\/b> Kit de goupille, de ressort et de clip pour le cache-poussi\u00e8re de l'orifice d'\u00e9jection<br \/>\n<b>Mod\u00e8le :<\/b> Standard<br \/>\n<b>Upc :<\/b> Ne s'applique pas<br \/>\n<b>Kit personnalis\u00e9 de l'ing\u00e9nieur en armement :<\/b> Oui<br \/>\n<b>Mat\u00e9riau :<\/b> Acier parkeris\u00e9 antireflet<br \/>\n<b>Couleur :<\/b> Noir<br \/>\n<b>Pour marque de pistolet :<\/b> AR-15<br \/>\n<b><\/b><\/div>","protected":false},"excerpt":{"rendered":"<p>AR-15 Ejection Port Dust Cover Pin, Spring &amp; Clip Kit This is a Complete Stock Pin Kit, it includes: the Spring, Clip, and Rod. Industry standard MIL spec plate. All of these parts feature a parkerized anti-glare finish. Note: Gun Engineer always recommends any part&#8230;<\/p>","protected":false},"featured_media":15608,"comment_status":"open","ping_status":"closed","template":"","meta":[],"etheme_brands":[],"product_brand":[],"product_cat":[77,68],"product_tag":[],"class_list":{"0":"post-16039","1":"product","2":"type-product","3":"status-publish","4":"has-post-thumbnail","6":"product_cat-ar-15-accessories","7":"product_cat-ar-15-parts","9":"first","10":"instock","11":"shipping-taxable","12":"purchasable","13":"product-type-simple"},"yoast_head":"<!-- This site is optimized with the Yoast SEO Premium plugin v23.4 (Yoast SEO v26.9) - https:\/\/yoast.com\/product\/yoast-seo-premium-wordpress\/ -->\n<title>AR-15 Ejection Port Dust Cover Pin, Spring &amp; Clip Kit - Gun Engineer<\/title>\n<meta name=\"description\" content=\"This is a Complete Stock Pin Kit, it includes: the Spring, Clip, and Rod. Industry standard MIL spec plate.All of these parts feature a parkerized anti-glare finish.\" \/>\n<meta name=\"robots\" content=\"index, follow, max-snippet:-1, max-image-preview:large, max-video-preview:-1\" \/>\n<link rel=\"canonical\" href=\"https:\/\/gun-engineer.com\/fr\/produit\/ar-15-kit-couvercle-anti-poussiere-pour-port-dejection-pin-spring-clip\/\" \/>\n<meta property=\"og:locale\" content=\"fr_FR\" \/>\n<meta property=\"og:type\" content=\"article\" \/>\n<meta property=\"og:title\" content=\"AR-15 Ejection Port Dust Cover Pin, Spring &amp; Clip Kit\" \/>\n<meta property=\"og:description\" content=\"This is a Complete Stock Pin Kit, it includes: the Spring, Clip, and Rod. Industry standard MIL spec plate.All of these parts feature a parkerized anti-glare finish.\" \/>\n<meta property=\"og:url\" content=\"https:\/\/gun-engineer.com\/fr\/produit\/ar-15-kit-couvercle-anti-poussiere-pour-port-dejection-pin-spring-clip\/\" \/>\n<meta property=\"og:site_name\" content=\"Gun Engineer\" \/>\n<meta property=\"article:modified_time\" content=\"2026-02-17T11:16:53+00:00\" \/>\n<meta property=\"og:image\" content=\"https:\/\/gun-engineer.com\/wp-content\/uploads\/2025\/06\/AR-DC5-K-03-2__37454.1717077220.jpg\" \/>\n\t<meta property=\"og:image:width\" content=\"1280\" \/>\n\t<meta property=\"og:image:height\" content=\"854\" \/>\n\t<meta property=\"og:image:type\" content=\"image\/jpeg\" \/>\n<meta name=\"twitter:card\" content=\"summary_large_image\" \/>\n<meta name=\"twitter:label1\" content=\"Prix\" \/>\n\t<meta name=\"twitter:data1\" content=\"&#036;7.99\" \/>\n\t<meta name=\"twitter:label2\" content=\"Disponibilit\u00e9\" \/>\n\t<meta name=\"twitter:data2\" content=\"En stock\" \/>\n<script type=\"application\/ld+json\" class=\"yoast-schema-graph\">{\"@context\":\"https:\/\/schema.org\",\"@graph\":[{\"@type\":\"WebPage\",\"@id\":\"https:\/\/gun-engineer.com\/product\/ar-15-ejection-port-dust-cover-pin-spring-clip-kit\/\",\"url\":\"https:\/\/gun-engineer.com\/product\/ar-15-ejection-port-dust-cover-pin-spring-clip-kit\/\",\"name\":\"AR-15 Ejection Port Dust Cover Pin, Spring & Clip Kit - Gun Engineer\",\"isPartOf\":{\"@id\":\"https:\/\/gun-engineer.com\/#website\"},\"primaryImageOfPage\":{\"@id\":\"https:\/\/gun-engineer.com\/product\/ar-15-ejection-port-dust-cover-pin-spring-clip-kit\/#primaryimage\"},\"image\":{\"@id\":\"https:\/\/gun-engineer.com\/product\/ar-15-ejection-port-dust-cover-pin-spring-clip-kit\/#primaryimage\"},\"thumbnailUrl\":\"https:\/\/gun-engineer.com\/wp-content\/uploads\/2025\/06\/AR-DC5-K-03-2__37454.1717077220.jpg\",\"datePublished\":\"2025-06-03T06:22:04+00:00\",\"dateModified\":\"2026-02-17T11:16:53+00:00\",\"description\":\"This is a Complete Stock Pin Kit, it includes: the Spring, Clip, and Rod. Industry standard MIL spec plate.All of these parts feature a parkerized anti-glare finish.\",\"breadcrumb\":{\"@id\":\"https:\/\/gun-engineer.com\/product\/ar-15-ejection-port-dust-cover-pin-spring-clip-kit\/#breadcrumb\"},\"inLanguage\":\"fr-FR\",\"potentialAction\":[{\"@type\":\"ReadAction\",\"target\":[\"https:\/\/gun-engineer.com\/product\/ar-15-ejection-port-dust-cover-pin-spring-clip-kit\/\"]}]},{\"@type\":\"ImageObject\",\"inLanguage\":\"fr-FR\",\"@id\":\"https:\/\/gun-engineer.com\/product\/ar-15-ejection-port-dust-cover-pin-spring-clip-kit\/#primaryimage\",\"url\":\"https:\/\/gun-engineer.com\/wp-content\/uploads\/2025\/06\/AR-DC5-K-03-2__37454.1717077220.jpg\",\"contentUrl\":\"https:\/\/gun-engineer.com\/wp-content\/uploads\/2025\/06\/AR-DC5-K-03-2__37454.1717077220.jpg\",\"width\":1280,\"height\":854},{\"@type\":\"BreadcrumbList\",\"@id\":\"https:\/\/gun-engineer.com\/product\/ar-15-ejection-port-dust-cover-pin-spring-clip-kit\/#breadcrumb\",\"itemListElement\":[{\"@type\":\"ListItem\",\"position\":1,\"name\":\"Home\",\"item\":\"https:\/\/gun-engineer.com\/\"},{\"@type\":\"ListItem\",\"position\":2,\"name\":\"Wishlist\",\"item\":\"https:\/\/gun-engineer.com\/wishlist\/\"},{\"@type\":\"ListItem\",\"position\":3,\"name\":\"AR-15 Ejection Port Dust Cover Pin, Spring &#038; Clip Kit\"}]},{\"@type\":\"WebSite\",\"@id\":\"https:\/\/gun-engineer.com\/#website\",\"url\":\"https:\/\/gun-engineer.com\/\",\"name\":\"Gun Engineer\",\"description\":\"Precision Components for the Modern Shooter \u2013 Compatible Upgrades &amp; Limited Availability\",\"publisher\":{\"@id\":\"https:\/\/gun-engineer.com\/#organization\"},\"potentialAction\":[{\"@type\":\"SearchAction\",\"target\":{\"@type\":\"EntryPoint\",\"urlTemplate\":\"https:\/\/gun-engineer.com\/?s={search_term_string}\"},\"query-input\":{\"@type\":\"PropertyValueSpecification\",\"valueRequired\":true,\"valueName\":\"search_term_string\"}}],\"inLanguage\":\"fr-FR\"},{\"@type\":\"Organization\",\"@id\":\"https:\/\/gun-engineer.com\/#organization\",\"name\":\"Gun Engineer\",\"url\":\"https:\/\/gun-engineer.com\/\",\"logo\":{\"@type\":\"ImageObject\",\"inLanguage\":\"fr-FR\",\"@id\":\"https:\/\/gun-engineer.com\/#\/schema\/logo\/image\/\",\"url\":\"https:\/\/gun-engineer.com\/wp-content\/uploads\/2025\/05\/gun_engineer_logo.png\",\"contentUrl\":\"https:\/\/gun-engineer.com\/wp-content\/uploads\/2025\/05\/gun_engineer_logo.png\",\"width\":500,\"height\":120,\"caption\":\"Gun Engineer\"},\"image\":{\"@id\":\"https:\/\/gun-engineer.com\/#\/schema\/logo\/image\/\"}}]}<\/script>\n<meta property=\"product:price:amount\" content=\"7.99\" \/>\n<meta property=\"product:price:currency\" content=\"USD\" \/>\n<meta property=\"og:availability\" content=\"instock\" \/>\n<meta property=\"product:availability\" content=\"instock\" \/>\n<meta property=\"product:retailer_item_id\" content=\"215118575730\" \/>\n<meta property=\"product:condition\" content=\"new\" \/>\n<!-- \/ Yoast SEO Premium plugin. -->","yoast_head_json":{"title":"Kit de goupille, ressort et clip pour couvercle de poussi\u00e8re du port d'\u00e9jection AR-15 - Gun Engineer","description":"Il s'agit d'un kit complet de goupilles de stock, qui comprend : le ressort, le clip et la tige. Toutes ces pi\u00e8ces sont dot\u00e9es d'une finition antireflet parkeris\u00e9e.","robots":{"index":"index","follow":"follow","max-snippet":"max-snippet:-1","max-image-preview":"max-image-preview:large","max-video-preview":"max-video-preview:-1"},"canonical":"https:\/\/gun-engineer.com\/fr\/produit\/ar-15-kit-couvercle-anti-poussiere-pour-port-dejection-pin-spring-clip\/","og_locale":"fr_FR","og_type":"article","og_title":"AR-15 Ejection Port Dust Cover Pin, Spring & Clip Kit","og_description":"This is a Complete Stock Pin Kit, it includes: the Spring, Clip, and Rod. Industry standard MIL spec plate.All of these parts feature a parkerized anti-glare finish.","og_url":"https:\/\/gun-engineer.com\/fr\/produit\/ar-15-kit-couvercle-anti-poussiere-pour-port-dejection-pin-spring-clip\/","og_site_name":"Gun Engineer","article_modified_time":"2026-02-17T11:16:53+00:00","og_image":[{"width":1280,"height":854,"url":"https:\/\/gun-engineer.com\/wp-content\/uploads\/2025\/06\/AR-DC5-K-03-2__37454.1717077220.jpg","type":"image\/jpeg"}],"twitter_card":"summary_large_image","twitter_misc":{"Prix":"&#36;7.99","Disponibilit\u00e9":"En stock"},"schema":{"@context":"https:\/\/schema.org","@graph":[{"@type":"WebPage","@id":"https:\/\/gun-engineer.com\/product\/ar-15-ejection-port-dust-cover-pin-spring-clip-kit\/","url":"https:\/\/gun-engineer.com\/product\/ar-15-ejection-port-dust-cover-pin-spring-clip-kit\/","name":"Kit de goupille, ressort et clip pour couvercle de poussi\u00e8re du port d'\u00e9jection AR-15 - Gun Engineer","isPartOf":{"@id":"https:\/\/gun-engineer.com\/#website"},"primaryImageOfPage":{"@id":"https:\/\/gun-engineer.com\/product\/ar-15-ejection-port-dust-cover-pin-spring-clip-kit\/#primaryimage"},"image":{"@id":"https:\/\/gun-engineer.com\/product\/ar-15-ejection-port-dust-cover-pin-spring-clip-kit\/#primaryimage"},"thumbnailUrl":"https:\/\/gun-engineer.com\/wp-content\/uploads\/2025\/06\/AR-DC5-K-03-2__37454.1717077220.jpg","datePublished":"2025-06-03T06:22:04+00:00","dateModified":"2026-02-17T11:16:53+00:00","description":"Il s'agit d'un kit complet de goupilles de stock, qui comprend : le ressort, le clip et la tige. Toutes ces pi\u00e8ces sont dot\u00e9es d'une finition antireflet parkeris\u00e9e.","breadcrumb":{"@id":"https:\/\/gun-engineer.com\/product\/ar-15-ejection-port-dust-cover-pin-spring-clip-kit\/#breadcrumb"},"inLanguage":"fr-FR","potentialAction":[{"@type":"ReadAction","target":["https:\/\/gun-engineer.com\/product\/ar-15-ejection-port-dust-cover-pin-spring-clip-kit\/"]}]},{"@type":"ImageObject","inLanguage":"fr-FR","@id":"https:\/\/gun-engineer.com\/product\/ar-15-ejection-port-dust-cover-pin-spring-clip-kit\/#primaryimage","url":"https:\/\/gun-engineer.com\/wp-content\/uploads\/2025\/06\/AR-DC5-K-03-2__37454.1717077220.jpg","contentUrl":"https:\/\/gun-engineer.com\/wp-content\/uploads\/2025\/06\/AR-DC5-K-03-2__37454.1717077220.jpg","width":1280,"height":854},{"@type":"BreadcrumbList","@id":"https:\/\/gun-engineer.com\/product\/ar-15-ejection-port-dust-cover-pin-spring-clip-kit\/#breadcrumb","itemListElement":[{"@type":"ListItem","position":1,"name":"Home","item":"https:\/\/gun-engineer.com\/"},{"@type":"ListItem","position":2,"name":"Wishlist","item":"https:\/\/gun-engineer.com\/wishlist\/"},{"@type":"ListItem","position":3,"name":"AR-15 Ejection Port Dust Cover Pin, Spring &#038; Clip Kit"}]},{"@type":"WebSite","@id":"https:\/\/gun-engineer.com\/#website","url":"https:\/\/gun-engineer.com\/","name":"Ing\u00e9nieur en armement","description":"Precision Components for the Modern Shooter \u2013 Compatible Upgrades &amp; Limited Availability","publisher":{"@id":"https:\/\/gun-engineer.com\/#organization"},"potentialAction":[{"@type":"SearchAction","target":{"@type":"EntryPoint","urlTemplate":"https:\/\/gun-engineer.com\/?s={search_term_string}"},"query-input":{"@type":"PropertyValueSpecification","valueRequired":true,"valueName":"search_term_string"}}],"inLanguage":"fr-FR"},{"@type":"Organization","@id":"https:\/\/gun-engineer.com\/#organization","name":"Ing\u00e9nieur en armement","url":"https:\/\/gun-engineer.com\/","logo":{"@type":"ImageObject","inLanguage":"fr-FR","@id":"https:\/\/gun-engineer.com\/#\/schema\/logo\/image\/","url":"https:\/\/gun-engineer.com\/wp-content\/uploads\/2025\/05\/gun_engineer_logo.png","contentUrl":"https:\/\/gun-engineer.com\/wp-content\/uploads\/2025\/05\/gun_engineer_logo.png","width":500,"height":120,"caption":"Gun Engineer"},"image":{"@id":"https:\/\/gun-engineer.com\/#\/schema\/logo\/image\/"}}]},"product_price_amount":"7.99","product_price_currency":"USD","og_availability":"instock","product_availability":"instock","product_retailer_item_id":"215118575730","product_condition":"new"},"tiered_pricing_type":"fixed","tiered_pricing_fixed_rules":[],"tiered_pricing_product_settings":{"layout":"default","base_unit_name":{"singular":null,"plural":null},"default_variation":null},"tiered_pricing_minimum_quantity":null,"tiered_pricing_roles_data":[],"tiered_pricing_percentage_rules":[],"tiered_pricing_maximum_quantity":null,"tiered_pricing_quantity_step":null,"_links":{"self":[{"href":"https:\/\/gun-engineer.com\/fr\/wp-json\/wp\/v2\/product\/16039","targetHints":{"allow":["GET"]}}],"collection":[{"href":"https:\/\/gun-engineer.com\/fr\/wp-json\/wp\/v2\/product"}],"about":[{"href":"https:\/\/gun-engineer.com\/fr\/wp-json\/wp\/v2\/types\/product"}],"replies":[{"embeddable":true,"href":"https:\/\/gun-engineer.com\/fr\/wp-json\/wp\/v2\/comments?post=16039"}],"version-history":[{"count":3,"href":"https:\/\/gun-engineer.com\/fr\/wp-json\/wp\/v2\/product\/16039\/revisions"}],"predecessor-version":[{"id":22640,"href":"https:\/\/gun-engineer.com\/fr\/wp-json\/wp\/v2\/product\/16039\/revisions\/22640"}],"wp:featuredmedia":[{"embeddable":true,"href":"https:\/\/gun-engineer.com\/fr\/wp-json\/wp\/v2\/media\/15608"}],"wp:attachment":[{"href":"https:\/\/gun-engineer.com\/fr\/wp-json\/wp\/v2\/media?parent=16039"}],"wp:term":[{"taxonomy":"brand","embeddable":true,"href":"https:\/\/gun-engineer.com\/fr\/wp-json\/wp\/v2\/etheme_brands?post=16039"},{"taxonomy":"product_brand","embeddable":true,"href":"https:\/\/gun-engineer.com\/fr\/wp-json\/wp\/v2\/product_brand?post=16039"},{"taxonomy":"product_cat","embeddable":true,"href":"https:\/\/gun-engineer.com\/fr\/wp-json\/wp\/v2\/product_cat?post=16039"},{"taxonomy":"product_tag","embeddable":true,"href":"https:\/\/gun-engineer.com\/fr\/wp-json\/wp\/v2\/product_tag?post=16039"}],"curies":[{"name":"wp","href":"https:\/\/api.w.org\/{rel}","templated":true}]}}