{"id":16038,"date":"2025-06-03T06:22:04","date_gmt":"2025-06-03T06:22:04","guid":{"rendered":"https:\/\/gun-engineer.com\/product\/stag-arms-black-ar-15-trigger-sa-ar-trg\/"},"modified":"2026-02-17T11:16:51","modified_gmt":"2026-02-17T11:16:51","slug":"gun-engineer-trigger-for-ar-15","status":"publish","type":"product","link":"https:\/\/gun-engineer.com\/fr\/produit\/gun-engineer-trigger-for-ar-15\/","title":{"rendered":"Gun Engineer Trigger for AR-15"},"content":{"rendered":"<div class=\"productView-description\">\n<p><strong><span style=\"font-size: 14pt\">Gun Engineer Trigger for AR-15<\/span><\/strong><\/p>\n<p>Upgrade or replace your AR-15 fire control group with the Stag Arms Mil-Spec Trigger\u2014a durable, no-nonsense component built to deliver consistent performance. This trigger is designed to fit all AR-15 platforms that accept standard mil-spec parts, making it an ideal option for builds, repairs, or replacements.<\/p>\n<p>This trigger is built to meet military specifications for reliability and function. Gun Engineer is widely respected for producing high-quality components\u2014especially their left-handed AR-15 rifles\u2014and maintains full U.S. production standards. Whether you&#8217;re building a rifle from the ground up or refreshing an existing setup, this mil-spec trigger from Stag Arms delivers proven performance with American-made quality.<\/p>\n<p><strong>Key Features:<\/strong><\/p>\n<ul>\n<li>Fits all AR-15 rifles with mil-spec lower receivers.<\/li>\n<li>Standard mil-spec trigger group.<\/li>\n<li>Ideal for replacements, repairs, or new builds.<\/li>\n<li>Known Stag quality and reliability.<\/li>\n<\/ul>\n<p><a href=\"https:\/\/gun-engineer.com\/fr\/categorie-produit\/ar-15-pieces-detachees\/\" target=\"_blank\" rel=\"noopener\"><strong>See our complete line of AR-15 Products here<\/strong><\/a><\/p>\n<p><strong><em>Remarque :<\/em><\/strong> Ing\u00e9nieur en armement<em> recommande toujours que toute pi\u00e8ce soit install\u00e9e par un armurier qualifi\u00e9 et form\u00e9. Gun Engineer encourage l'utilisation de pratiques et d'\u00e9quipements de s\u00e9curit\u00e9 lors de toute intervention sur une arme \u00e0 feu.<\/em><\/p>\n<\/div>\n<div class=\"productView-description\"><b>Brand:<\/b> Ing\u00e9nieur en armement<br \/>\n<b>Type :<\/b> Trigger<br \/>\n<b>Mod\u00e8le :<\/b> Standard<br \/>\n<b>Couleur :<\/b> Noir<br \/>\n<b>Pour marque de pistolet :<\/b> AR-15<br \/>\n<b><\/b><\/div>","protected":false},"excerpt":{"rendered":"<p>Gun Engineer Trigger for AR-15 Upgrade or replace your AR-15 fire control group with the Stag Arms Mil-Spec Trigger\u2014a durable, no-nonsense component built to deliver consistent performance. This trigger is designed to fit all AR-15 platforms that accept standard mil-spec parts, making it an ideal&#8230;<\/p>","protected":false},"featured_media":16071,"comment_status":"open","ping_status":"closed","template":"","meta":[],"etheme_brands":[],"product_brand":[],"product_cat":[77,68],"product_tag":[],"class_list":{"0":"post-16038","1":"product","2":"type-product","3":"status-publish","4":"has-post-thumbnail","6":"product_cat-ar-15-accessories","7":"product_cat-ar-15-parts","9":"first","10":"instock","11":"shipping-taxable","12":"purchasable","13":"product-type-simple"},"yoast_head":"<!-- This site is optimized with the Yoast SEO Premium plugin v23.4 (Yoast SEO v26.9) - https:\/\/yoast.com\/product\/yoast-seo-premium-wordpress\/ -->\n<title>Gun Engineer Trigger for AR-15 - Gun Engineer<\/title>\n<meta name=\"description\" content=\"This trigger for ar-15 is built to meet military specifications for reliability and function. Gun Engineer is widely respected for producing high-quality components\u2014especially their left-handed AR-15 rifles\u2014and maintains full U.S.\" \/>\n<meta name=\"robots\" content=\"index, follow, max-snippet:-1, max-image-preview:large, max-video-preview:-1\" \/>\n<link rel=\"canonical\" href=\"https:\/\/gun-engineer.com\/fr\/produit\/gun-engineer-trigger-for-ar-15\/\" \/>\n<meta property=\"og:locale\" content=\"fr_FR\" \/>\n<meta property=\"og:type\" content=\"article\" \/>\n<meta property=\"og:title\" content=\"Gun Engineer Trigger for AR-15\" \/>\n<meta property=\"og:description\" content=\"This trigger for ar-15 is built to meet military specifications for reliability and function. Gun Engineer is widely respected for producing high-quality components\u2014especially their left-handed AR-15 rifles\u2014and maintains full U.S.\" \/>\n<meta property=\"og:url\" content=\"https:\/\/gun-engineer.com\/fr\/produit\/gun-engineer-trigger-for-ar-15\/\" \/>\n<meta property=\"og:site_name\" content=\"Gun Engineer\" \/>\n<meta property=\"article:modified_time\" content=\"2026-02-17T11:16:51+00:00\" \/>\n<meta property=\"og:image\" content=\"https:\/\/gun-engineer.com\/wp-content\/uploads\/2025\/06\/SA-AR-TRG__56209.1724873812.jpg\" \/>\n\t<meta property=\"og:image:width\" content=\"1280\" \/>\n\t<meta property=\"og:image:height\" content=\"960\" \/>\n\t<meta property=\"og:image:type\" content=\"image\/jpeg\" \/>\n<meta name=\"twitter:card\" content=\"summary_large_image\" \/>\n<meta name=\"twitter:label1\" content=\"Prix\" \/>\n\t<meta name=\"twitter:data1\" content=\"&#036;14.95\" \/>\n\t<meta name=\"twitter:label2\" content=\"Disponibilit\u00e9\" \/>\n\t<meta name=\"twitter:data2\" content=\"En stock\" \/>\n<script type=\"application\/ld+json\" class=\"yoast-schema-graph\">{\"@context\":\"https:\/\/schema.org\",\"@graph\":[{\"@type\":\"WebPage\",\"@id\":\"https:\/\/gun-engineer.com\/product\/gun-engineer-trigger-for-ar-15\/\",\"url\":\"https:\/\/gun-engineer.com\/product\/gun-engineer-trigger-for-ar-15\/\",\"name\":\"Gun Engineer Trigger for AR-15 - Gun Engineer\",\"isPartOf\":{\"@id\":\"https:\/\/gun-engineer.com\/#website\"},\"primaryImageOfPage\":{\"@id\":\"https:\/\/gun-engineer.com\/product\/gun-engineer-trigger-for-ar-15\/#primaryimage\"},\"image\":{\"@id\":\"https:\/\/gun-engineer.com\/product\/gun-engineer-trigger-for-ar-15\/#primaryimage\"},\"thumbnailUrl\":\"https:\/\/gun-engineer.com\/wp-content\/uploads\/2025\/06\/SA-AR-TRG__56209.1724873812.jpg\",\"datePublished\":\"2025-06-03T06:22:04+00:00\",\"dateModified\":\"2026-02-17T11:16:51+00:00\",\"description\":\"This trigger for ar-15 is built to meet military specifications for reliability and function. Gun Engineer is widely respected for producing high-quality components\u2014especially their left-handed AR-15 rifles\u2014and maintains full U.S.\",\"breadcrumb\":{\"@id\":\"https:\/\/gun-engineer.com\/product\/gun-engineer-trigger-for-ar-15\/#breadcrumb\"},\"inLanguage\":\"fr-FR\",\"potentialAction\":[{\"@type\":\"ReadAction\",\"target\":[\"https:\/\/gun-engineer.com\/product\/gun-engineer-trigger-for-ar-15\/\"]}]},{\"@type\":\"ImageObject\",\"inLanguage\":\"fr-FR\",\"@id\":\"https:\/\/gun-engineer.com\/product\/gun-engineer-trigger-for-ar-15\/#primaryimage\",\"url\":\"https:\/\/gun-engineer.com\/wp-content\/uploads\/2025\/06\/SA-AR-TRG__56209.1724873812.jpg\",\"contentUrl\":\"https:\/\/gun-engineer.com\/wp-content\/uploads\/2025\/06\/SA-AR-TRG__56209.1724873812.jpg\",\"width\":1280,\"height\":960},{\"@type\":\"BreadcrumbList\",\"@id\":\"https:\/\/gun-engineer.com\/product\/gun-engineer-trigger-for-ar-15\/#breadcrumb\",\"itemListElement\":[{\"@type\":\"ListItem\",\"position\":1,\"name\":\"Home\",\"item\":\"https:\/\/gun-engineer.com\/\"},{\"@type\":\"ListItem\",\"position\":2,\"name\":\"Wishlist\",\"item\":\"https:\/\/gun-engineer.com\/wishlist\/\"},{\"@type\":\"ListItem\",\"position\":3,\"name\":\"Gun Engineer Trigger for AR-15\"}]},{\"@type\":\"WebSite\",\"@id\":\"https:\/\/gun-engineer.com\/#website\",\"url\":\"https:\/\/gun-engineer.com\/\",\"name\":\"Gun Engineer\",\"description\":\"Precision Components for the Modern Shooter \u2013 Compatible Upgrades &amp; Limited Availability\",\"publisher\":{\"@id\":\"https:\/\/gun-engineer.com\/#organization\"},\"potentialAction\":[{\"@type\":\"SearchAction\",\"target\":{\"@type\":\"EntryPoint\",\"urlTemplate\":\"https:\/\/gun-engineer.com\/?s={search_term_string}\"},\"query-input\":{\"@type\":\"PropertyValueSpecification\",\"valueRequired\":true,\"valueName\":\"search_term_string\"}}],\"inLanguage\":\"fr-FR\"},{\"@type\":\"Organization\",\"@id\":\"https:\/\/gun-engineer.com\/#organization\",\"name\":\"Gun Engineer\",\"url\":\"https:\/\/gun-engineer.com\/\",\"logo\":{\"@type\":\"ImageObject\",\"inLanguage\":\"fr-FR\",\"@id\":\"https:\/\/gun-engineer.com\/#\/schema\/logo\/image\/\",\"url\":\"https:\/\/gun-engineer.com\/wp-content\/uploads\/2025\/05\/gun_engineer_logo.png\",\"contentUrl\":\"https:\/\/gun-engineer.com\/wp-content\/uploads\/2025\/05\/gun_engineer_logo.png\",\"width\":500,\"height\":120,\"caption\":\"Gun Engineer\"},\"image\":{\"@id\":\"https:\/\/gun-engineer.com\/#\/schema\/logo\/image\/\"}}]}<\/script>\n<meta property=\"product:price:amount\" content=\"14.95\" \/>\n<meta property=\"product:price:currency\" content=\"USD\" \/>\n<meta property=\"og:availability\" content=\"instock\" \/>\n<meta property=\"product:availability\" content=\"instock\" \/>\n<meta property=\"product:retailer_item_id\" content=\"215118574869\" \/>\n<meta property=\"product:condition\" content=\"new\" \/>\n<!-- \/ Yoast SEO Premium plugin. -->","yoast_head_json":{"title":"Gun Engineer Trigger for AR-15 - Gun Engineer","description":"This trigger for ar-15 is built to meet military specifications for reliability and function. Gun Engineer is widely respected for producing high-quality components\u2014especially their left-handed AR-15 rifles\u2014and maintains full U.S.","robots":{"index":"index","follow":"follow","max-snippet":"max-snippet:-1","max-image-preview":"max-image-preview:large","max-video-preview":"max-video-preview:-1"},"canonical":"https:\/\/gun-engineer.com\/fr\/produit\/gun-engineer-trigger-for-ar-15\/","og_locale":"fr_FR","og_type":"article","og_title":"Gun Engineer Trigger for AR-15","og_description":"This trigger for ar-15 is built to meet military specifications for reliability and function. Gun Engineer is widely respected for producing high-quality components\u2014especially their left-handed AR-15 rifles\u2014and maintains full U.S.","og_url":"https:\/\/gun-engineer.com\/fr\/produit\/gun-engineer-trigger-for-ar-15\/","og_site_name":"Gun Engineer","article_modified_time":"2026-02-17T11:16:51+00:00","og_image":[{"width":1280,"height":960,"url":"https:\/\/gun-engineer.com\/wp-content\/uploads\/2025\/06\/SA-AR-TRG__56209.1724873812.jpg","type":"image\/jpeg"}],"twitter_card":"summary_large_image","twitter_misc":{"Prix":"&#36;14.95","Disponibilit\u00e9":"En stock"},"schema":{"@context":"https:\/\/schema.org","@graph":[{"@type":"WebPage","@id":"https:\/\/gun-engineer.com\/product\/gun-engineer-trigger-for-ar-15\/","url":"https:\/\/gun-engineer.com\/product\/gun-engineer-trigger-for-ar-15\/","name":"Gun Engineer Trigger for AR-15 - Gun Engineer","isPartOf":{"@id":"https:\/\/gun-engineer.com\/#website"},"primaryImageOfPage":{"@id":"https:\/\/gun-engineer.com\/product\/gun-engineer-trigger-for-ar-15\/#primaryimage"},"image":{"@id":"https:\/\/gun-engineer.com\/product\/gun-engineer-trigger-for-ar-15\/#primaryimage"},"thumbnailUrl":"https:\/\/gun-engineer.com\/wp-content\/uploads\/2025\/06\/SA-AR-TRG__56209.1724873812.jpg","datePublished":"2025-06-03T06:22:04+00:00","dateModified":"2026-02-17T11:16:51+00:00","description":"This trigger for ar-15 is built to meet military specifications for reliability and function. Gun Engineer is widely respected for producing high-quality components\u2014especially their left-handed AR-15 rifles\u2014and maintains full U.S.","breadcrumb":{"@id":"https:\/\/gun-engineer.com\/product\/gun-engineer-trigger-for-ar-15\/#breadcrumb"},"inLanguage":"fr-FR","potentialAction":[{"@type":"ReadAction","target":["https:\/\/gun-engineer.com\/product\/gun-engineer-trigger-for-ar-15\/"]}]},{"@type":"ImageObject","inLanguage":"fr-FR","@id":"https:\/\/gun-engineer.com\/product\/gun-engineer-trigger-for-ar-15\/#primaryimage","url":"https:\/\/gun-engineer.com\/wp-content\/uploads\/2025\/06\/SA-AR-TRG__56209.1724873812.jpg","contentUrl":"https:\/\/gun-engineer.com\/wp-content\/uploads\/2025\/06\/SA-AR-TRG__56209.1724873812.jpg","width":1280,"height":960},{"@type":"BreadcrumbList","@id":"https:\/\/gun-engineer.com\/product\/gun-engineer-trigger-for-ar-15\/#breadcrumb","itemListElement":[{"@type":"ListItem","position":1,"name":"Home","item":"https:\/\/gun-engineer.com\/"},{"@type":"ListItem","position":2,"name":"Wishlist","item":"https:\/\/gun-engineer.com\/wishlist\/"},{"@type":"ListItem","position":3,"name":"Gun Engineer Trigger for AR-15"}]},{"@type":"WebSite","@id":"https:\/\/gun-engineer.com\/#website","url":"https:\/\/gun-engineer.com\/","name":"Ing\u00e9nieur en armement","description":"Precision Components for the Modern Shooter \u2013 Compatible Upgrades &amp; Limited Availability","publisher":{"@id":"https:\/\/gun-engineer.com\/#organization"},"potentialAction":[{"@type":"SearchAction","target":{"@type":"EntryPoint","urlTemplate":"https:\/\/gun-engineer.com\/?s={search_term_string}"},"query-input":{"@type":"PropertyValueSpecification","valueRequired":true,"valueName":"search_term_string"}}],"inLanguage":"fr-FR"},{"@type":"Organization","@id":"https:\/\/gun-engineer.com\/#organization","name":"Ing\u00e9nieur en armement","url":"https:\/\/gun-engineer.com\/","logo":{"@type":"ImageObject","inLanguage":"fr-FR","@id":"https:\/\/gun-engineer.com\/#\/schema\/logo\/image\/","url":"https:\/\/gun-engineer.com\/wp-content\/uploads\/2025\/05\/gun_engineer_logo.png","contentUrl":"https:\/\/gun-engineer.com\/wp-content\/uploads\/2025\/05\/gun_engineer_logo.png","width":500,"height":120,"caption":"Gun Engineer"},"image":{"@id":"https:\/\/gun-engineer.com\/#\/schema\/logo\/image\/"}}]},"product_price_amount":"14.95","product_price_currency":"USD","og_availability":"instock","product_availability":"instock","product_retailer_item_id":"215118574869","product_condition":"new"},"tiered_pricing_type":"fixed","tiered_pricing_fixed_rules":[],"tiered_pricing_product_settings":{"layout":"default","base_unit_name":{"singular":null,"plural":null},"default_variation":null},"tiered_pricing_minimum_quantity":null,"tiered_pricing_roles_data":[],"tiered_pricing_percentage_rules":[],"tiered_pricing_maximum_quantity":null,"tiered_pricing_quantity_step":null,"_links":{"self":[{"href":"https:\/\/gun-engineer.com\/fr\/wp-json\/wp\/v2\/product\/16038","targetHints":{"allow":["GET"]}}],"collection":[{"href":"https:\/\/gun-engineer.com\/fr\/wp-json\/wp\/v2\/product"}],"about":[{"href":"https:\/\/gun-engineer.com\/fr\/wp-json\/wp\/v2\/types\/product"}],"replies":[{"embeddable":true,"href":"https:\/\/gun-engineer.com\/fr\/wp-json\/wp\/v2\/comments?post=16038"}],"version-history":[{"count":3,"href":"https:\/\/gun-engineer.com\/fr\/wp-json\/wp\/v2\/product\/16038\/revisions"}],"predecessor-version":[{"id":22639,"href":"https:\/\/gun-engineer.com\/fr\/wp-json\/wp\/v2\/product\/16038\/revisions\/22639"}],"wp:featuredmedia":[{"embeddable":true,"href":"https:\/\/gun-engineer.com\/fr\/wp-json\/wp\/v2\/media\/16071"}],"wp:attachment":[{"href":"https:\/\/gun-engineer.com\/fr\/wp-json\/wp\/v2\/media?parent=16038"}],"wp:term":[{"taxonomy":"brand","embeddable":true,"href":"https:\/\/gun-engineer.com\/fr\/wp-json\/wp\/v2\/etheme_brands?post=16038"},{"taxonomy":"product_brand","embeddable":true,"href":"https:\/\/gun-engineer.com\/fr\/wp-json\/wp\/v2\/product_brand?post=16038"},{"taxonomy":"product_cat","embeddable":true,"href":"https:\/\/gun-engineer.com\/fr\/wp-json\/wp\/v2\/product_cat?post=16038"},{"taxonomy":"product_tag","embeddable":true,"href":"https:\/\/gun-engineer.com\/fr\/wp-json\/wp\/v2\/product_tag?post=16038"}],"curies":[{"name":"wp","href":"https:\/\/api.w.org\/{rel}","templated":true}]}}