{"id":16030,"date":"2025-06-03T06:21:59","date_gmt":"2025-06-03T06:21:59","guid":{"rendered":"https:\/\/gun-engineer.com\/product\/pivot-pins-and-detent-springs-for-ar-15-2-each-ar-tds-2ea\/"},"modified":"2026-02-17T11:16:42","modified_gmt":"2026-02-17T11:16:42","slug":"gun-engineer-ar15-ar10-pivot-pin-takedown-detents-and-springs-4-piece-set","status":"publish","type":"product","link":"https:\/\/gun-engineer.com\/fr\/produit\/gun-engineer-ar15-ar10-pivot-pin-takedown-detents-and-springs-4-piece-set\/","title":{"rendered":"Gun Engineer AR15 AR10 Pivot Pin\/Takedown Detents and Springs &#8211; 4 Piece Set"},"content":{"rendered":"<div class=\"productView-description\">\n<h2><strong><span style=\"font-size: 14pt\">Gun Engineer AR15 AR10 Pivot Pin\/Takedown Detents and Springs &#8211; 4 Piece Set<\/span><\/strong><\/h2>\n<p>The Gun Engineer AR15 AR10 Mil-Spec Takedown \/ Pivot Pin Detent and Spring kit. Guaranteed to fit your AR10 or AR15 lower and are great to have on hand as spares for either lost or damaged parts. These pins help the pins not fall out or wiggle when it is either pushed all the way in or all the way out. The detents travel in the groove within the actual pins. This 4 piece kit includes 2 detents and 2 springs.<\/p>\n<ul>\n<li>Made from Solid Steel.<\/li>\n<li>Standard Mil-Spec AR-15 Pivot pin and spring (usually included in full lower parts kit)<\/li>\n<\/ul>\n<p><strong><em>Remarque :<\/em><\/strong> Ing\u00e9nieur en armement<em> recommande toujours que toute pi\u00e8ce soit install\u00e9e par un armurier qualifi\u00e9 et form\u00e9. Gun Engineer encourage l'utilisation de pratiques et d'\u00e9quipements de s\u00e9curit\u00e9 lors de toute intervention sur une arme \u00e0 feu.<\/em><u><\/u><\/p>\n<\/div>\n<div class=\"productView-description\"><b>Brand:<\/b>\u00a0Ing\u00e9nieur en armement<br \/>\n<b>Type :<\/b> Pivot Pin\/Takedown Detents and Springs<br \/>\n<b>Mat\u00e9riau :<\/b> Steel<\/div>","protected":false},"excerpt":{"rendered":"<p>Gun Engineer AR15 AR10 Pivot Pin\/Takedown Detents and Springs &#8211; 4 Piece Set The Gun Engineer AR15 AR10 Mil-Spec Takedown \/ Pivot Pin Detent and Spring kit. Guaranteed to fit your AR10 or AR15 lower and are great to have on hand as spares for&#8230;<\/p>","protected":false},"featured_media":16064,"comment_status":"open","ping_status":"closed","template":"","meta":[],"etheme_brands":[],"product_brand":[],"product_cat":[77,68],"product_tag":[],"class_list":{"0":"post-16030","1":"product","2":"type-product","3":"status-publish","4":"has-post-thumbnail","6":"product_cat-ar-15-accessories","7":"product_cat-ar-15-parts","9":"first","10":"instock","11":"shipping-taxable","12":"purchasable","13":"product-type-simple"},"yoast_head":"<!-- This site is optimized with the Yoast SEO Premium plugin v23.4 (Yoast SEO v26.9) - https:\/\/yoast.com\/product\/yoast-seo-premium-wordpress\/ -->\n<title>Gun Engineer AR15 AR10 Pivot Pin\/Takedown Detents and Springs - 4 Piece Set - Gun Engineer<\/title>\n<meta name=\"description\" content=\"The Gun Engineer AR15 AR10 Mil-Spec Takedown \/ Pivot Pin Detent and Spring kit. Guaranteed to fit your AR10 or AR15 lower and are great to have on hand as spares for either lost or damaged parts.\" \/>\n<meta name=\"robots\" content=\"index, follow, max-snippet:-1, max-image-preview:large, max-video-preview:-1\" \/>\n<link rel=\"canonical\" href=\"https:\/\/gun-engineer.com\/fr\/produit\/gun-engineer-ar15-ar10-pivot-pin-takedown-detents-and-springs-4-piece-set\/\" \/>\n<meta property=\"og:locale\" content=\"fr_FR\" \/>\n<meta property=\"og:type\" content=\"article\" \/>\n<meta property=\"og:title\" content=\"Gun Engineer AR15 AR10 Pivot Pin\/Takedown Detents and Springs - 4 Piece Set\" \/>\n<meta property=\"og:description\" content=\"The Gun Engineer AR15 AR10 Mil-Spec Takedown \/ Pivot Pin Detent and Spring kit. Guaranteed to fit your AR10 or AR15 lower and are great to have on hand as spares for either lost or damaged parts.\" \/>\n<meta property=\"og:url\" content=\"https:\/\/gun-engineer.com\/fr\/produit\/gun-engineer-ar15-ar10-pivot-pin-takedown-detents-and-springs-4-piece-set\/\" \/>\n<meta property=\"og:site_name\" content=\"Gun Engineer\" \/>\n<meta property=\"article:modified_time\" content=\"2026-02-17T11:16:42+00:00\" \/>\n<meta property=\"og:image\" content=\"https:\/\/gun-engineer.com\/wp-content\/uploads\/2025\/06\/AR-TDS-2EA-2__78641.1735591921.jpg\" \/>\n\t<meta property=\"og:image:width\" content=\"1280\" \/>\n\t<meta property=\"og:image:height\" content=\"960\" \/>\n\t<meta property=\"og:image:type\" content=\"image\/jpeg\" \/>\n<meta name=\"twitter:card\" content=\"summary_large_image\" \/>\n<meta name=\"twitter:label1\" content=\"Prix\" \/>\n\t<meta name=\"twitter:data1\" content=\"&#036;5.99\" \/>\n\t<meta name=\"twitter:label2\" content=\"Disponibilit\u00e9\" \/>\n\t<meta name=\"twitter:data2\" content=\"En stock\" \/>\n<script type=\"application\/ld+json\" class=\"yoast-schema-graph\">{\"@context\":\"https:\/\/schema.org\",\"@graph\":[{\"@type\":\"WebPage\",\"@id\":\"https:\/\/gun-engineer.com\/product\/gun-engineer-ar15-ar10-pivot-pin-takedown-detents-and-springs-4-piece-set\/\",\"url\":\"https:\/\/gun-engineer.com\/product\/gun-engineer-ar15-ar10-pivot-pin-takedown-detents-and-springs-4-piece-set\/\",\"name\":\"Gun Engineer AR15 AR10 Pivot Pin\/Takedown Detents and Springs - 4 Piece Set - Gun Engineer\",\"isPartOf\":{\"@id\":\"https:\/\/gun-engineer.com\/#website\"},\"primaryImageOfPage\":{\"@id\":\"https:\/\/gun-engineer.com\/product\/gun-engineer-ar15-ar10-pivot-pin-takedown-detents-and-springs-4-piece-set\/#primaryimage\"},\"image\":{\"@id\":\"https:\/\/gun-engineer.com\/product\/gun-engineer-ar15-ar10-pivot-pin-takedown-detents-and-springs-4-piece-set\/#primaryimage\"},\"thumbnailUrl\":\"https:\/\/gun-engineer.com\/wp-content\/uploads\/2025\/06\/AR-TDS-2EA-2__78641.1735591921.jpg\",\"datePublished\":\"2025-06-03T06:21:59+00:00\",\"dateModified\":\"2026-02-17T11:16:42+00:00\",\"description\":\"The Gun Engineer AR15 AR10 Mil-Spec Takedown \/ Pivot Pin Detent and Spring kit. Guaranteed to fit your AR10 or AR15 lower and are great to have on hand as spares for either lost or damaged parts.\",\"breadcrumb\":{\"@id\":\"https:\/\/gun-engineer.com\/product\/gun-engineer-ar15-ar10-pivot-pin-takedown-detents-and-springs-4-piece-set\/#breadcrumb\"},\"inLanguage\":\"fr-FR\",\"potentialAction\":[{\"@type\":\"ReadAction\",\"target\":[\"https:\/\/gun-engineer.com\/product\/gun-engineer-ar15-ar10-pivot-pin-takedown-detents-and-springs-4-piece-set\/\"]}]},{\"@type\":\"ImageObject\",\"inLanguage\":\"fr-FR\",\"@id\":\"https:\/\/gun-engineer.com\/product\/gun-engineer-ar15-ar10-pivot-pin-takedown-detents-and-springs-4-piece-set\/#primaryimage\",\"url\":\"https:\/\/gun-engineer.com\/wp-content\/uploads\/2025\/06\/AR-TDS-2EA-2__78641.1735591921.jpg\",\"contentUrl\":\"https:\/\/gun-engineer.com\/wp-content\/uploads\/2025\/06\/AR-TDS-2EA-2__78641.1735591921.jpg\",\"width\":1280,\"height\":960},{\"@type\":\"BreadcrumbList\",\"@id\":\"https:\/\/gun-engineer.com\/product\/gun-engineer-ar15-ar10-pivot-pin-takedown-detents-and-springs-4-piece-set\/#breadcrumb\",\"itemListElement\":[{\"@type\":\"ListItem\",\"position\":1,\"name\":\"Home\",\"item\":\"https:\/\/gun-engineer.com\/\"},{\"@type\":\"ListItem\",\"position\":2,\"name\":\"Wishlist\",\"item\":\"https:\/\/gun-engineer.com\/wishlist\/\"},{\"@type\":\"ListItem\",\"position\":3,\"name\":\"Gun Engineer AR15 AR10 Pivot Pin\/Takedown Detents and Springs &#8211; 4 Piece Set\"}]},{\"@type\":\"WebSite\",\"@id\":\"https:\/\/gun-engineer.com\/#website\",\"url\":\"https:\/\/gun-engineer.com\/\",\"name\":\"Gun Engineer\",\"description\":\"Precision Components for the Modern Shooter \u2013 Compatible Upgrades &amp; Limited Availability\",\"publisher\":{\"@id\":\"https:\/\/gun-engineer.com\/#organization\"},\"potentialAction\":[{\"@type\":\"SearchAction\",\"target\":{\"@type\":\"EntryPoint\",\"urlTemplate\":\"https:\/\/gun-engineer.com\/?s={search_term_string}\"},\"query-input\":{\"@type\":\"PropertyValueSpecification\",\"valueRequired\":true,\"valueName\":\"search_term_string\"}}],\"inLanguage\":\"fr-FR\"},{\"@type\":\"Organization\",\"@id\":\"https:\/\/gun-engineer.com\/#organization\",\"name\":\"Gun Engineer\",\"url\":\"https:\/\/gun-engineer.com\/\",\"logo\":{\"@type\":\"ImageObject\",\"inLanguage\":\"fr-FR\",\"@id\":\"https:\/\/gun-engineer.com\/#\/schema\/logo\/image\/\",\"url\":\"https:\/\/gun-engineer.com\/wp-content\/uploads\/2025\/05\/gun_engineer_logo.png\",\"contentUrl\":\"https:\/\/gun-engineer.com\/wp-content\/uploads\/2025\/05\/gun_engineer_logo.png\",\"width\":500,\"height\":120,\"caption\":\"Gun Engineer\"},\"image\":{\"@id\":\"https:\/\/gun-engineer.com\/#\/schema\/logo\/image\/\"}}]}<\/script>\n<meta property=\"product:price:amount\" content=\"5.99\" \/>\n<meta property=\"product:price:currency\" content=\"USD\" \/>\n<meta property=\"og:availability\" content=\"instock\" \/>\n<meta property=\"product:availability\" content=\"instock\" \/>\n<meta property=\"product:retailer_item_id\" content=\"215118570933\" \/>\n<meta property=\"product:condition\" content=\"new\" \/>\n<!-- \/ Yoast SEO Premium plugin. -->","yoast_head_json":{"title":"Gun Engineer AR15 AR10 Pivot Pin\/Takedown Detents and Springs - 4 Piece Set - Gun Engineer","description":"The Gun Engineer AR15 AR10 Mil-Spec Takedown \/ Pivot Pin Detent and Spring kit. Guaranteed to fit your AR10 or AR15 lower and are great to have on hand as spares for either lost or damaged parts.","robots":{"index":"index","follow":"follow","max-snippet":"max-snippet:-1","max-image-preview":"max-image-preview:large","max-video-preview":"max-video-preview:-1"},"canonical":"https:\/\/gun-engineer.com\/fr\/produit\/gun-engineer-ar15-ar10-pivot-pin-takedown-detents-and-springs-4-piece-set\/","og_locale":"fr_FR","og_type":"article","og_title":"Gun Engineer AR15 AR10 Pivot Pin\/Takedown Detents and Springs - 4 Piece Set","og_description":"The Gun Engineer AR15 AR10 Mil-Spec Takedown \/ Pivot Pin Detent and Spring kit. Guaranteed to fit your AR10 or AR15 lower and are great to have on hand as spares for either lost or damaged parts.","og_url":"https:\/\/gun-engineer.com\/fr\/produit\/gun-engineer-ar15-ar10-pivot-pin-takedown-detents-and-springs-4-piece-set\/","og_site_name":"Gun Engineer","article_modified_time":"2026-02-17T11:16:42+00:00","og_image":[{"width":1280,"height":960,"url":"https:\/\/gun-engineer.com\/wp-content\/uploads\/2025\/06\/AR-TDS-2EA-2__78641.1735591921.jpg","type":"image\/jpeg"}],"twitter_card":"summary_large_image","twitter_misc":{"Prix":"&#36;5.99","Disponibilit\u00e9":"En stock"},"schema":{"@context":"https:\/\/schema.org","@graph":[{"@type":"WebPage","@id":"https:\/\/gun-engineer.com\/product\/gun-engineer-ar15-ar10-pivot-pin-takedown-detents-and-springs-4-piece-set\/","url":"https:\/\/gun-engineer.com\/product\/gun-engineer-ar15-ar10-pivot-pin-takedown-detents-and-springs-4-piece-set\/","name":"Gun Engineer AR15 AR10 Pivot Pin\/Takedown Detents and Springs - 4 Piece Set - Gun Engineer","isPartOf":{"@id":"https:\/\/gun-engineer.com\/#website"},"primaryImageOfPage":{"@id":"https:\/\/gun-engineer.com\/product\/gun-engineer-ar15-ar10-pivot-pin-takedown-detents-and-springs-4-piece-set\/#primaryimage"},"image":{"@id":"https:\/\/gun-engineer.com\/product\/gun-engineer-ar15-ar10-pivot-pin-takedown-detents-and-springs-4-piece-set\/#primaryimage"},"thumbnailUrl":"https:\/\/gun-engineer.com\/wp-content\/uploads\/2025\/06\/AR-TDS-2EA-2__78641.1735591921.jpg","datePublished":"2025-06-03T06:21:59+00:00","dateModified":"2026-02-17T11:16:42+00:00","description":"The Gun Engineer AR15 AR10 Mil-Spec Takedown \/ Pivot Pin Detent and Spring kit. Guaranteed to fit your AR10 or AR15 lower and are great to have on hand as spares for either lost or damaged parts.","breadcrumb":{"@id":"https:\/\/gun-engineer.com\/product\/gun-engineer-ar15-ar10-pivot-pin-takedown-detents-and-springs-4-piece-set\/#breadcrumb"},"inLanguage":"fr-FR","potentialAction":[{"@type":"ReadAction","target":["https:\/\/gun-engineer.com\/product\/gun-engineer-ar15-ar10-pivot-pin-takedown-detents-and-springs-4-piece-set\/"]}]},{"@type":"ImageObject","inLanguage":"fr-FR","@id":"https:\/\/gun-engineer.com\/product\/gun-engineer-ar15-ar10-pivot-pin-takedown-detents-and-springs-4-piece-set\/#primaryimage","url":"https:\/\/gun-engineer.com\/wp-content\/uploads\/2025\/06\/AR-TDS-2EA-2__78641.1735591921.jpg","contentUrl":"https:\/\/gun-engineer.com\/wp-content\/uploads\/2025\/06\/AR-TDS-2EA-2__78641.1735591921.jpg","width":1280,"height":960},{"@type":"BreadcrumbList","@id":"https:\/\/gun-engineer.com\/product\/gun-engineer-ar15-ar10-pivot-pin-takedown-detents-and-springs-4-piece-set\/#breadcrumb","itemListElement":[{"@type":"ListItem","position":1,"name":"Home","item":"https:\/\/gun-engineer.com\/"},{"@type":"ListItem","position":2,"name":"Wishlist","item":"https:\/\/gun-engineer.com\/wishlist\/"},{"@type":"ListItem","position":3,"name":"Gun Engineer AR15 AR10 Pivot Pin\/Takedown Detents and Springs &#8211; 4 Piece Set"}]},{"@type":"WebSite","@id":"https:\/\/gun-engineer.com\/#website","url":"https:\/\/gun-engineer.com\/","name":"Ing\u00e9nieur en armement","description":"Precision Components for the Modern Shooter \u2013 Compatible Upgrades &amp; Limited Availability","publisher":{"@id":"https:\/\/gun-engineer.com\/#organization"},"potentialAction":[{"@type":"SearchAction","target":{"@type":"EntryPoint","urlTemplate":"https:\/\/gun-engineer.com\/?s={search_term_string}"},"query-input":{"@type":"PropertyValueSpecification","valueRequired":true,"valueName":"search_term_string"}}],"inLanguage":"fr-FR"},{"@type":"Organization","@id":"https:\/\/gun-engineer.com\/#organization","name":"Ing\u00e9nieur en armement","url":"https:\/\/gun-engineer.com\/","logo":{"@type":"ImageObject","inLanguage":"fr-FR","@id":"https:\/\/gun-engineer.com\/#\/schema\/logo\/image\/","url":"https:\/\/gun-engineer.com\/wp-content\/uploads\/2025\/05\/gun_engineer_logo.png","contentUrl":"https:\/\/gun-engineer.com\/wp-content\/uploads\/2025\/05\/gun_engineer_logo.png","width":500,"height":120,"caption":"Gun Engineer"},"image":{"@id":"https:\/\/gun-engineer.com\/#\/schema\/logo\/image\/"}}]},"product_price_amount":"5.99","product_price_currency":"USD","og_availability":"instock","product_availability":"instock","product_retailer_item_id":"215118570933","product_condition":"new"},"tiered_pricing_type":"fixed","tiered_pricing_fixed_rules":[],"tiered_pricing_product_settings":{"layout":"default","base_unit_name":{"singular":null,"plural":null},"default_variation":null},"tiered_pricing_minimum_quantity":null,"tiered_pricing_roles_data":[],"tiered_pricing_percentage_rules":[],"tiered_pricing_maximum_quantity":null,"tiered_pricing_quantity_step":null,"_links":{"self":[{"href":"https:\/\/gun-engineer.com\/fr\/wp-json\/wp\/v2\/product\/16030","targetHints":{"allow":["GET"]}}],"collection":[{"href":"https:\/\/gun-engineer.com\/fr\/wp-json\/wp\/v2\/product"}],"about":[{"href":"https:\/\/gun-engineer.com\/fr\/wp-json\/wp\/v2\/types\/product"}],"replies":[{"embeddable":true,"href":"https:\/\/gun-engineer.com\/fr\/wp-json\/wp\/v2\/comments?post=16030"}],"version-history":[{"count":3,"href":"https:\/\/gun-engineer.com\/fr\/wp-json\/wp\/v2\/product\/16030\/revisions"}],"predecessor-version":[{"id":22634,"href":"https:\/\/gun-engineer.com\/fr\/wp-json\/wp\/v2\/product\/16030\/revisions\/22634"}],"wp:featuredmedia":[{"embeddable":true,"href":"https:\/\/gun-engineer.com\/fr\/wp-json\/wp\/v2\/media\/16064"}],"wp:attachment":[{"href":"https:\/\/gun-engineer.com\/fr\/wp-json\/wp\/v2\/media?parent=16030"}],"wp:term":[{"taxonomy":"brand","embeddable":true,"href":"https:\/\/gun-engineer.com\/fr\/wp-json\/wp\/v2\/etheme_brands?post=16030"},{"taxonomy":"product_brand","embeddable":true,"href":"https:\/\/gun-engineer.com\/fr\/wp-json\/wp\/v2\/product_brand?post=16030"},{"taxonomy":"product_cat","embeddable":true,"href":"https:\/\/gun-engineer.com\/fr\/wp-json\/wp\/v2\/product_cat?post=16030"},{"taxonomy":"product_tag","embeddable":true,"href":"https:\/\/gun-engineer.com\/fr\/wp-json\/wp\/v2\/product_tag?post=16030"}],"curies":[{"name":"wp","href":"https:\/\/api.w.org\/{rel}","templated":true}]}}