{"id":268,"date":"2025-05-20T13:38:22","date_gmt":"2025-05-20T13:38:22","guid":{"rendered":"https:\/\/gun-engineer.com\/product\/ismi-15-lb-recoil-spring-for-5-1911-models-4-7-p320-models-ismi-rs-1911-15\/"},"modified":"2026-02-17T11:25:20","modified_gmt":"2026-02-17T11:25:20","slug":"15-lb-ruckstossfeder-fur-5-1911-modelle-4-7-p320-modelle","status":"publish","type":"product","link":"https:\/\/gun-engineer.com\/de\/product\/15-lb-ruckstossfeder-fur-5-1911-modelle-4-7-p320-modelle\/","title":{"rendered":"15 Lb R\u00fccksto\u00dffeder f\u00fcr 5\u2033 1911 Modelle &amp; 4.7\u2033 P320 Modelle"},"content":{"rendered":"<div class=\"productView-description\"><strong>15 Lb R\u00fccksto\u00dffeder f\u00fcr 5\u2033 1911 Modelle &amp; 4.7\u2033 P320 Modelle<\/strong>Gun Engineer Springs are designed exclusively with certified aerospace specification alloys such as chrome silicon. Their springs are heat treated, shot-peened, and stress relieved after winding to enhance performance and durability. Chrome silicon springs have 10x the life of traditional music wire springs, and they hold much better tolerances during compression and cycling. This spring not only features improved materials over the stock components but will also lighten up the trigger feel from the stock 16 lb weight down to 15 lb&#8217;s. Get an Gun Engineer recoil spring to improve your firearm&#8217;s quality and trigger feel today!<\/p>\n<ul>\n<li>Passt nur f\u00fcr 1911 Modelle mit einem 5\u2033 Lauf und SIG P320 Modelle mit einem 4,7\u2033 Lauf<\/li>\n<li>Erleichtern Sie das Abzugsgef\u00fchl Ihrer Waffe mit dieser 15 lb R\u00fccksto\u00dffeder<\/li>\n<\/ul>\n<\/div>\n<div class=\"productView-description\"><b>Brand:<\/b> Waffen-Ingenieur<br \/>\n<b>Art:<\/b> R\u00fcckspulfeder<br \/>\n<b>Modell:<\/b> Aftermarket-Upgrade<br \/>\n<b>Gun Engineer Custom Kit:<\/b> Ja<br \/>\n<b>F\u00fcr Waffenmarken:<\/b> 1911 &amp; Sig Sauer<br \/>\n<b>F\u00fcr Waffenmodell:<\/b> 1911: Government 5\u2033 &amp; Klone. Sig Sauer: P320 Full Size 4.7\u2033<br \/>\n<b>Kaliber:<\/b> 9MM &amp; .45 ACP<br \/>\n<b>Passt nicht:<\/b> Regierung, Komander, P320 Kompakt, P320 Subkompakt<\/div>","protected":false},"excerpt":{"rendered":"<p>15 Lb Recoil Spring for 5&#8243; 1911 Models &amp; 4.7&#8243; P320 ModelsGun Engineer Springs are designed exclusively with certified aerospace specification alloys such as chrome silicon. Their springs are heat treated, shot-peened, and stress relieved after winding to enhance performance and durability. Chrome silicon springs&#8230;<\/p>","protected":false},"featured_media":53,"comment_status":"open","ping_status":"closed","template":"","meta":[],"etheme_brands":[],"product_brand":[19],"product_cat":[24,16,18],"product_tag":[],"class_list":{"0":"post-268","1":"product","2":"type-product","3":"status-publish","4":"has-post-thumbnail","6":"product_brand-19","7":"product_cat-1911-parts","8":"product_cat-pistol-parts","9":"product_cat-springs","11":"first","12":"instock","13":"shipping-taxable","14":"purchasable","15":"product-type-variable"},"yoast_head":"<!-- This site is optimized with the Yoast SEO Premium plugin v23.4 (Yoast SEO v26.9) - https:\/\/yoast.com\/product\/yoast-seo-premium-wordpress\/ -->\n<title>15 Lb Recoil Spring for 5&quot; 1911 Models &amp; 4.7&quot; P320 Models - Gun Engineer<\/title>\n<meta name=\"description\" content=\"15 Lb Recoil Spring for 5&quot; 1911 Models &amp; 4.7&quot; P320 Models are designed exclusively with certified aerospace specification alloys such as chrome silicon.\" \/>\n<meta name=\"robots\" content=\"index, follow, max-snippet:-1, max-image-preview:large, max-video-preview:-1\" \/>\n<link rel=\"canonical\" href=\"https:\/\/gun-engineer.com\/de\/product\/15-lb-ruckstossfeder-fur-5-1911-modelle-4-7-p320-modelle\/\" \/>\n<meta property=\"og:locale\" content=\"de_DE\" \/>\n<meta property=\"og:type\" content=\"article\" \/>\n<meta property=\"og:title\" content=\"15 Lb Recoil Spring for 5&quot; 1911 Models &amp; 4.7&quot; P320 Models\" \/>\n<meta property=\"og:description\" content=\"15 Lb Recoil Spring for 5&quot; 1911 Models &amp; 4.7&quot; P320 Models are designed exclusively with certified aerospace specification alloys such as chrome silicon.\" \/>\n<meta property=\"og:url\" content=\"https:\/\/gun-engineer.com\/de\/product\/15-lb-ruckstossfeder-fur-5-1911-modelle-4-7-p320-modelle\/\" \/>\n<meta property=\"og:site_name\" content=\"Gun Engineer\" \/>\n<meta property=\"article:modified_time\" content=\"2026-02-17T11:25:20+00:00\" \/>\n<meta property=\"og:image\" content=\"https:\/\/gun-engineer.com\/wp-content\/uploads\/2025\/05\/ISMI-RS-1911-15-01__15363.1665150303.jpg\" \/>\n\t<meta property=\"og:image:width\" content=\"1280\" \/>\n\t<meta property=\"og:image:height\" content=\"960\" \/>\n\t<meta property=\"og:image:type\" content=\"image\/jpeg\" \/>\n<meta name=\"twitter:card\" content=\"summary_large_image\" \/>\n<meta name=\"twitter:label1\" content=\"Verf\u00fcgbarkeit\" \/>\n\t<meta name=\"twitter:data1\" content=\"Auf Lager\" \/>\n<script type=\"application\/ld+json\" class=\"yoast-schema-graph\">{\"@context\":\"https:\/\/schema.org\",\"@graph\":[{\"@type\":\"WebPage\",\"@id\":\"https:\/\/gun-engineer.com\/product\/15-lb-recoil-spring-for-5-1911-models-4-7-p320-models\/\",\"url\":\"https:\/\/gun-engineer.com\/product\/15-lb-recoil-spring-for-5-1911-models-4-7-p320-models\/\",\"name\":\"15 Lb Recoil Spring for 5\\\" 1911 Models & 4.7\\\" P320 Models - Gun Engineer\",\"isPartOf\":{\"@id\":\"https:\/\/gun-engineer.com\/#website\"},\"primaryImageOfPage\":{\"@id\":\"https:\/\/gun-engineer.com\/product\/15-lb-recoil-spring-for-5-1911-models-4-7-p320-models\/#primaryimage\"},\"image\":{\"@id\":\"https:\/\/gun-engineer.com\/product\/15-lb-recoil-spring-for-5-1911-models-4-7-p320-models\/#primaryimage\"},\"thumbnailUrl\":\"https:\/\/gun-engineer.com\/wp-content\/uploads\/2025\/05\/ISMI-RS-1911-15-01__15363.1665150303.jpg\",\"datePublished\":\"2025-05-20T13:38:22+00:00\",\"dateModified\":\"2026-02-17T11:25:20+00:00\",\"description\":\"15 Lb Recoil Spring for 5\\\" 1911 Models & 4.7\\\" P320 Models are designed exclusively with certified aerospace specification alloys such as chrome silicon.\",\"breadcrumb\":{\"@id\":\"https:\/\/gun-engineer.com\/product\/15-lb-recoil-spring-for-5-1911-models-4-7-p320-models\/#breadcrumb\"},\"inLanguage\":\"de\",\"potentialAction\":[{\"@type\":\"ReadAction\",\"target\":[\"https:\/\/gun-engineer.com\/product\/15-lb-recoil-spring-for-5-1911-models-4-7-p320-models\/\"]}]},{\"@type\":\"ImageObject\",\"inLanguage\":\"de\",\"@id\":\"https:\/\/gun-engineer.com\/product\/15-lb-recoil-spring-for-5-1911-models-4-7-p320-models\/#primaryimage\",\"url\":\"https:\/\/gun-engineer.com\/wp-content\/uploads\/2025\/05\/ISMI-RS-1911-15-01__15363.1665150303.jpg\",\"contentUrl\":\"https:\/\/gun-engineer.com\/wp-content\/uploads\/2025\/05\/ISMI-RS-1911-15-01__15363.1665150303.jpg\",\"width\":1280,\"height\":960},{\"@type\":\"BreadcrumbList\",\"@id\":\"https:\/\/gun-engineer.com\/product\/15-lb-recoil-spring-for-5-1911-models-4-7-p320-models\/#breadcrumb\",\"itemListElement\":[{\"@type\":\"ListItem\",\"position\":1,\"name\":\"Home\",\"item\":\"https:\/\/gun-engineer.com\/\"},{\"@type\":\"ListItem\",\"position\":2,\"name\":\"Wishlist\",\"item\":\"https:\/\/gun-engineer.com\/wishlist\/\"},{\"@type\":\"ListItem\",\"position\":3,\"name\":\"15 Lb Recoil Spring for 5&#8243; 1911 Models &#038; 4.7&#8243; P320 Models\"}]},{\"@type\":\"WebSite\",\"@id\":\"https:\/\/gun-engineer.com\/#website\",\"url\":\"https:\/\/gun-engineer.com\/\",\"name\":\"Gun Engineer\",\"description\":\"Precision Components for the Modern Shooter \u2013 Compatible Upgrades &amp; Limited Availability\",\"publisher\":{\"@id\":\"https:\/\/gun-engineer.com\/#organization\"},\"potentialAction\":[{\"@type\":\"SearchAction\",\"target\":{\"@type\":\"EntryPoint\",\"urlTemplate\":\"https:\/\/gun-engineer.com\/?s={search_term_string}\"},\"query-input\":{\"@type\":\"PropertyValueSpecification\",\"valueRequired\":true,\"valueName\":\"search_term_string\"}}],\"inLanguage\":\"de\"},{\"@type\":\"Organization\",\"@id\":\"https:\/\/gun-engineer.com\/#organization\",\"name\":\"Gun Engineer\",\"url\":\"https:\/\/gun-engineer.com\/\",\"logo\":{\"@type\":\"ImageObject\",\"inLanguage\":\"de\",\"@id\":\"https:\/\/gun-engineer.com\/#\/schema\/logo\/image\/\",\"url\":\"https:\/\/gun-engineer.com\/wp-content\/uploads\/2025\/05\/gun_engineer_logo.png\",\"contentUrl\":\"https:\/\/gun-engineer.com\/wp-content\/uploads\/2025\/05\/gun_engineer_logo.png\",\"width\":500,\"height\":120,\"caption\":\"Gun Engineer\"},\"image\":{\"@id\":\"https:\/\/gun-engineer.com\/#\/schema\/logo\/image\/\"}}]}<\/script>\n<meta property=\"og:availability\" content=\"instock\" \/>\n<meta property=\"product:availability\" content=\"instock\" \/>\n<meta property=\"product:condition\" content=\"new\" \/>\n<!-- \/ Yoast SEO Premium plugin. -->","yoast_head_json":{"title":"15 Lb R\u00fccksto\u00dffeder f\u00fcr 5\" 1911 Modelle &amp; 4.7\" P320 Modelle - Gun Engineer","description":"15 Lb Recoil Spring for 5\" 1911 Models & 4.7\" P320 Models are designed exclusively with certified aerospace specification alloys such as chrome silicon.","robots":{"index":"index","follow":"follow","max-snippet":"max-snippet:-1","max-image-preview":"max-image-preview:large","max-video-preview":"max-video-preview:-1"},"canonical":"https:\/\/gun-engineer.com\/de\/product\/15-lb-ruckstossfeder-fur-5-1911-modelle-4-7-p320-modelle\/","og_locale":"de_DE","og_type":"article","og_title":"15 Lb Recoil Spring for 5\" 1911 Models & 4.7\" P320 Models","og_description":"15 Lb Recoil Spring for 5\" 1911 Models & 4.7\" P320 Models are designed exclusively with certified aerospace specification alloys such as chrome silicon.","og_url":"https:\/\/gun-engineer.com\/de\/product\/15-lb-ruckstossfeder-fur-5-1911-modelle-4-7-p320-modelle\/","og_site_name":"Gun Engineer","article_modified_time":"2026-02-17T11:25:20+00:00","og_image":[{"width":1280,"height":960,"url":"https:\/\/gun-engineer.com\/wp-content\/uploads\/2025\/05\/ISMI-RS-1911-15-01__15363.1665150303.jpg","type":"image\/jpeg"}],"twitter_card":"summary_large_image","twitter_misc":{"Verf\u00fcgbarkeit":"Auf Lager"},"schema":{"@context":"https:\/\/schema.org","@graph":[{"@type":"WebPage","@id":"https:\/\/gun-engineer.com\/product\/15-lb-recoil-spring-for-5-1911-models-4-7-p320-models\/","url":"https:\/\/gun-engineer.com\/product\/15-lb-recoil-spring-for-5-1911-models-4-7-p320-models\/","name":"15 Lb R\u00fccksto\u00dffeder f\u00fcr 5\" 1911 Modelle &amp; 4.7\" P320 Modelle - Gun Engineer","isPartOf":{"@id":"https:\/\/gun-engineer.com\/#website"},"primaryImageOfPage":{"@id":"https:\/\/gun-engineer.com\/product\/15-lb-recoil-spring-for-5-1911-models-4-7-p320-models\/#primaryimage"},"image":{"@id":"https:\/\/gun-engineer.com\/product\/15-lb-recoil-spring-for-5-1911-models-4-7-p320-models\/#primaryimage"},"thumbnailUrl":"https:\/\/gun-engineer.com\/wp-content\/uploads\/2025\/05\/ISMI-RS-1911-15-01__15363.1665150303.jpg","datePublished":"2025-05-20T13:38:22+00:00","dateModified":"2026-02-17T11:25:20+00:00","description":"15 Lb Recoil Spring for 5\" 1911 Models & 4.7\" P320 Models are designed exclusively with certified aerospace specification alloys such as chrome silicon.","breadcrumb":{"@id":"https:\/\/gun-engineer.com\/product\/15-lb-recoil-spring-for-5-1911-models-4-7-p320-models\/#breadcrumb"},"inLanguage":"de","potentialAction":[{"@type":"ReadAction","target":["https:\/\/gun-engineer.com\/product\/15-lb-recoil-spring-for-5-1911-models-4-7-p320-models\/"]}]},{"@type":"ImageObject","inLanguage":"de","@id":"https:\/\/gun-engineer.com\/product\/15-lb-recoil-spring-for-5-1911-models-4-7-p320-models\/#primaryimage","url":"https:\/\/gun-engineer.com\/wp-content\/uploads\/2025\/05\/ISMI-RS-1911-15-01__15363.1665150303.jpg","contentUrl":"https:\/\/gun-engineer.com\/wp-content\/uploads\/2025\/05\/ISMI-RS-1911-15-01__15363.1665150303.jpg","width":1280,"height":960},{"@type":"BreadcrumbList","@id":"https:\/\/gun-engineer.com\/product\/15-lb-recoil-spring-for-5-1911-models-4-7-p320-models\/#breadcrumb","itemListElement":[{"@type":"ListItem","position":1,"name":"Home","item":"https:\/\/gun-engineer.com\/"},{"@type":"ListItem","position":2,"name":"Wishlist","item":"https:\/\/gun-engineer.com\/wishlist\/"},{"@type":"ListItem","position":3,"name":"15 Lb Recoil Spring for 5&#8243; 1911 Models &#038; 4.7&#8243; P320 Models"}]},{"@type":"WebSite","@id":"https:\/\/gun-engineer.com\/#website","url":"https:\/\/gun-engineer.com\/","name":"Waffen-Ingenieur","description":"Precision Components for the Modern Shooter \u2013 Compatible Upgrades &amp; Limited Availability","publisher":{"@id":"https:\/\/gun-engineer.com\/#organization"},"potentialAction":[{"@type":"SearchAction","target":{"@type":"EntryPoint","urlTemplate":"https:\/\/gun-engineer.com\/?s={search_term_string}"},"query-input":{"@type":"PropertyValueSpecification","valueRequired":true,"valueName":"search_term_string"}}],"inLanguage":"de"},{"@type":"Organization","@id":"https:\/\/gun-engineer.com\/#organization","name":"Waffen-Ingenieur","url":"https:\/\/gun-engineer.com\/","logo":{"@type":"ImageObject","inLanguage":"de","@id":"https:\/\/gun-engineer.com\/#\/schema\/logo\/image\/","url":"https:\/\/gun-engineer.com\/wp-content\/uploads\/2025\/05\/gun_engineer_logo.png","contentUrl":"https:\/\/gun-engineer.com\/wp-content\/uploads\/2025\/05\/gun_engineer_logo.png","width":500,"height":120,"caption":"Gun Engineer"},"image":{"@id":"https:\/\/gun-engineer.com\/#\/schema\/logo\/image\/"}}]},"og_availability":"instock","product_availability":"instock","product_condition":"new"},"tiered_pricing_type":"fixed","tiered_pricing_fixed_rules":[],"tiered_pricing_product_settings":{"layout":"default","base_unit_name":{"singular":null,"plural":null},"default_variation":null},"tiered_pricing_minimum_quantity":null,"tiered_pricing_roles_data":[],"tiered_pricing_percentage_rules":[],"tiered_pricing_maximum_quantity":null,"tiered_pricing_quantity_step":null,"_links":{"self":[{"href":"https:\/\/gun-engineer.com\/de\/wp-json\/wp\/v2\/product\/268","targetHints":{"allow":["GET"]}}],"collection":[{"href":"https:\/\/gun-engineer.com\/de\/wp-json\/wp\/v2\/product"}],"about":[{"href":"https:\/\/gun-engineer.com\/de\/wp-json\/wp\/v2\/types\/product"}],"replies":[{"embeddable":true,"href":"https:\/\/gun-engineer.com\/de\/wp-json\/wp\/v2\/comments?post=268"}],"version-history":[{"count":3,"href":"https:\/\/gun-engineer.com\/de\/wp-json\/wp\/v2\/product\/268\/revisions"}],"predecessor-version":[{"id":22646,"href":"https:\/\/gun-engineer.com\/de\/wp-json\/wp\/v2\/product\/268\/revisions\/22646"}],"wp:featuredmedia":[{"embeddable":true,"href":"https:\/\/gun-engineer.com\/de\/wp-json\/wp\/v2\/media\/53"}],"wp:attachment":[{"href":"https:\/\/gun-engineer.com\/de\/wp-json\/wp\/v2\/media?parent=268"}],"wp:term":[{"taxonomy":"brand","embeddable":true,"href":"https:\/\/gun-engineer.com\/de\/wp-json\/wp\/v2\/etheme_brands?post=268"},{"taxonomy":"product_brand","embeddable":true,"href":"https:\/\/gun-engineer.com\/de\/wp-json\/wp\/v2\/product_brand?post=268"},{"taxonomy":"product_cat","embeddable":true,"href":"https:\/\/gun-engineer.com\/de\/wp-json\/wp\/v2\/product_cat?post=268"},{"taxonomy":"product_tag","embeddable":true,"href":"https:\/\/gun-engineer.com\/de\/wp-json\/wp\/v2\/product_tag?post=268"}],"curies":[{"name":"wp","href":"https:\/\/api.w.org\/{rel}","templated":true}]}}